{"id":427,"date":"2026-03-24T12:00:37","date_gmt":"2026-03-24T12:00:37","guid":{"rendered":"https:\/\/prilly.fflow-dev.ch\/le-projet\/"},"modified":"2026-04-28T15:20:42","modified_gmt":"2026-04-28T15:20:42","slug":"decouvrir","status":"publish","type":"page","link":"https:\/\/www.grandcasinoprilly.com\/en\/decouvrir\/","title":{"rendered":"D\u00e9couvrir"},"content":{"rendered":"\n<section class=\"pt-200 pb-200 logo-content-button-sec heading-bottom-space-60 text-center animate-text\">\n    <div class=\"sm-container\">\n\n        <h1>\n            Un lieu qui s\u2019installe        <\/h1>\n\n        \n            \n                <p>Le Grand Casino Prilly prend forme peu \u00e0 peu. Vous pourrez y acc\u00e9der d\u00e8s l\u2019automne 2026.<\/p>\n            \n\n        \n    <\/div>\n<\/section>\n  \n\n\n<!-- full width image box start -->\n<section class=\"full-width-animate-section animate-text pt-0 pb-0 \">\n    <div class=\"full-page-image-overlay\"><\/div>\n    <figure>\n\n\n            <img decoding=\"async\" src=\"https:\/\/www.grandcasinoprilly.com\/wp-content\/uploads\/2026\/04\/DECOUVRIR.png\" class=\"image\">\n\n        \n        \n    <\/figure>\n\n<\/section>\n<!-- full width image box end -->\n\n\n\n\n<section class=\"text-symbol-animate-bloc font-bold white-bg blue-text pt-200 pb-200 animate-text\">\n    <div class=\"sm-container\">\n\n        <div class=\"text-icon-wrapper\">\n\n                            <h2>\n                    Pens\u00e9 pour s\u2019inscrire dans la vie du Grand Lausanne, il conjuguera accessibilit\u00e9, ma\u00eetrise et qualit\u00e9 d\u2019exp\u00e9rience.                <\/h2>\n            \n                            \n                    <p><a class=\"cta-btn\" href=\"https:\/\/www.grandcasinoprilly.com\/en\/venir\/\" target=\"_self\"><span class=\"cta-button-box\"> <span class=\"cta-button-box-title\"> <span data-text=\"Venir\">Venir<\/span> <\/span> <\/span><\/a><\/p>\n                \n            \n                            <div class=\"icon-box\">\n                    <svg xmlns=\"http:\/\/www.w3.org\/2000\/svg\" version=\"1.1\" viewBox=\"0 0 517.09 549.93\" class=\"spade\">\n                  <path class=\"st0\" d=\"M274.43,29.58l-16.06-11.25-16.05,11.25C92.33,134.65,29.57,204.42,16.46,287h56.96c11.81-52.61,55.85-107.95,184.95-200.22,158.08,112.98,188.65,170.58,188.65,235.61,0,44.29-36.04,80.33-80.33,80.33-19.23,0-36.89-6.81-50.73-18.12-6.72,17.85-16.24,34.33-28.02,48.92,22.26,15.82,49.43,25.16,78.76,25.16,75.15,0,136.3-61.14,136.3-136.3,0-99.22-57.67-173.1-228.56-292.81Z\"\/>\n                  <path class=\"st0\" d=\"M230.73,331.6h-.92c-4.59,39.96-38.59,71.12-79.76,71.12s-75.17-31.15-79.76-71.12H14.1c4.76,70.87,63.9,127.09,135.95,127.09,44.12,0,83.39-21.09,108.32-53.69,15.78-20.65,25.79-45.92,27.64-73.39h-55.28Z\"\/>\n                  <polygon class=\"st0\" points=\"238.88 475.62 175.91 475.62 175.91 497.68 175.91 531.59 340.83 531.59 340.83 475.62 238.88 475.62\"\/>\n                <\/svg>                <\/div>\n            \n        <\/div>\n\n    <\/div>\n<\/section>\n\n\n\n<!-- full width image box start -->\n<section class=\"full-page-image-sec animate-text pt-0 pb-0 \">\n    <div class=\"lg-container\">\n\n    <figure>\n\n\n            <img decoding=\"async\" src=\"https:\/\/www.grandcasinoprilly.com\/wp-content\/uploads\/2026\/04\/306d9cc6-59f0-4018-9448-9a20198474d8.png\" class=\"image\">\n\n        \n        \n    <\/figure>\n<\/div>\n<\/section>\n<!-- full width image box end -->\n\n\n\n      <section class=\"blue-box newsletter-sec white-btn white-text white-icon-round-animation pt-0 pb-0\">\n        <div class=\"lg-container\">\n            <div class=\"newsletter-inner-box\">\n                <div class=\"sm-container\">\n                    <div class=\"letter-cntn-wrapper\">\n                                             <h2>\n                            Restez connect\u00e9                        <\/h2>\n                                           \n                                <p>Recevez les prochaines \u00e9tapes du projet par email, ou d\u00e9couvrez-le en images sur nos r\u00e9seaux.<\/p>\n\n                                                 <p class=\"wpcf7-contact-form-not-found\"><strong>Error:<\/strong> Contact form not found.<\/p>                    <\/div>\n    \n    <ul class=\"newsletter-social\">\n\n                    <li>\n                <a href=\"https:\/\/www.instagram.com\/grandcasinoprilly\" target=\"_blank\" rel=\"noopener\">\n                    <!-- Instagram SVG -->\n                    <svg viewBox=\"0 0 22 22\" xmlns=\"http:\/\/www.w3.org\/2000\/svg\"\n                                    xmlns:xlink=\"http:\/\/www.w3.org\/1999\/xlink\" width=\"22.000000\" height=\"22.000000\"\n                                    fill=\"none\" customFrame=\"#000000\">\n                                    <g id=\"Groupe 26\">\n                                        <g id=\"Groupe 26\">\n                                            <path id=\"Trac\u00e9 16\"\n                                                d=\"M11 1.98275C13.937 1.98275 14.2853 1.99375 15.4458 2.04692C18.4268 2.18258 19.8193 3.597 19.9549 6.556C20.0081 7.71558 20.0182 8.06392 20.0182 11.0009C20.0182 13.9388 20.0072 14.2863 19.9549 15.4458C19.8183 18.4021 18.4296 19.8193 15.4458 19.9549C14.2853 20.0081 13.9388 20.0191 11 20.0191C8.063 20.0191 7.71467 20.0081 6.55508 19.9549C3.56675 19.8183 2.18167 18.3975 2.046 15.4449C1.99283 14.2853 1.98183 13.9379 1.98183 11C1.98183 8.063 1.99375 7.71558 2.046 6.55508C2.18258 3.597 3.57133 2.18167 6.55508 2.046C7.71558 1.99375 8.063 1.98275 11 1.98275ZM11 0C8.01258 0 7.63858 0.0128333 6.46525 0.066C2.47042 0.249333 0.25025 2.46583 0.0669167 6.46433C0.0128333 7.63858 0 8.01258 0 11C0 13.9874 0.0128333 14.3623 0.066 15.5357C0.249333 19.5305 2.46583 21.7507 6.46433 21.934C7.63858 21.9872 8.01258 22 11 22C13.9874 22 14.3623 21.9872 15.5357 21.934C19.5268 21.7507 21.7525 19.5342 21.9331 15.5357C21.9872 14.3623 22 13.9874 22 11C22 8.01258 21.9872 7.63858 21.934 6.46525C21.7543 2.47408 19.5351 0.25025 15.5366 0.0669167C14.3623 0.0128333 13.9874 0 11 0ZM11 5.3515C7.88058 5.3515 5.3515 7.88058 5.3515 11C5.3515 14.1194 7.88058 16.6494 11 16.6494C14.1194 16.6494 16.6485 14.1203 16.6485 11C16.6485 7.88058 14.1194 5.3515 11 5.3515ZM11 14.6667C8.97509 14.6667 7.33333 13.0258 7.33333 11C7.33333 8.97509 8.97509 7.33333 11 7.33333C13.0249 7.33333 14.6667 8.97509 14.6667 11C14.6667 13.0258 13.0249 14.6667 11 14.6667ZM16.8722 3.80875C16.1425 3.80875 15.5513 4.4 15.5513 5.12875C15.5513 5.8575 16.1425 6.44875 16.8722 6.44875C17.6009 6.44875 18.1913 5.8575 18.1913 5.12875C18.1913 4.4 17.6009 3.80875 16.8722 3.80875Z\"\n                                                fill=\"rgb(255,255,255)\" fill-rule=\"nonzero\" \/>\n                                        <\/g>\n                                    <\/g>\n                    <\/svg>\n                <\/a>\n            <\/li>\n        \n                    <li>\n                <a href=\"https:\/\/www.facebook.com\/grandcasinoprilly\" target=\"_blank\" rel=\"noopener\">\n                    <!-- Facebook SVG -->\n                    <svg viewBox=\"0 0 12 24\" xmlns=\"http:\/\/www.w3.org\/2000\/svg\"\n                                    xmlns:xlink=\"http:\/\/www.w3.org\/1999\/xlink\" width=\"12.000000\" height=\"24.000000\"\n                                    fill=\"none\" customFrame=\"#000000\">\n                                    <defs>\n                                        <filter id=\"pixso_custom_mask_type_outline\">\n                                            <feColorMatrix type=\"matrix\"\n                                                values=\"0 0 0 0 1 0 0 0 0 1 0 0 0 0 1 0 0 0 1 0 \" \/>\n                                        <\/filter>\n                                    <\/defs>\n                                    <mask id=\"mask_4\" width=\"12.000000\" height=\"24.000000\" x=\"0.000000\" y=\"0.000000\"\n                                        maskUnits=\"userSpaceOnUse\">\n                                        <g filter=\"url(#pixso_custom_mask_type_outline)\">\n                                            <rect id=\"Rectangle 16\" width=\"12.000000\" height=\"24.000000\" x=\"0.000000\"\n                                                y=\"0.000000\" fill=\"rgb(255,255,255)\" \/>\n                                        <\/g>\n                                    <\/mask>\n                                    <g id=\"Groupe 27\">\n                                        <g id=\"Groupe 19\" mask=\"url(#mask_4)\">\n                                            <path id=\"Trac\u00e9 15\"\n                                                d=\"M3 8L0 8L0 12L3 12L3 24L8 24L8 12L11.642 12L12 8L8 8L8 6.333C8 5.378 8.192 5 9.115 5L12 5L12 0L8.192 0C4.596 0 3 1.583 3 4.615L3 8Z\"\n                                                fill=\"rgb(255,255,255)\" fill-rule=\"nonzero\" \/>\n                                        <\/g>\n                                    <\/g>\n                    <\/svg>\n                <\/a>\n            <\/li>\n        \n                    <li>\n                <a href=\"https:\/\/www.linkedin.com\/company\/grand-casino-prilly\/\" target=\"_blank\" rel=\"noopener\">\n                    <!-- LinkedIn SVG -->\n                    <svg viewBox=\"0 0 18.2214 17.4622\" xmlns=\"http:\/\/www.w3.org\/2000\/svg\"\n                                    xmlns:xlink=\"http:\/\/www.w3.org\/1999\/xlink\" width=\"18.221436\" height=\"17.462158\"\n                                    fill=\"none\" customFrame=\"#000000\">\n                                    <g id=\"Groupe 28\">\n                                        <g id=\"Groupe 25\">\n                                            <path id=\"Trac\u00e9 17\"\n                                                d=\"M3.78067 1.89805C3.78067 2.94654 2.93794 3.7961 1.89781 3.7961C0.857675 3.7961 0.0149403 2.94654 0.0149403 1.89805C0.0149403 0.850327 0.857675 0 1.89781 0C2.93794 0 3.78067 0.850327 3.78067 1.89805ZM3.79586 5.31454L-0.000244141 5.31454L-0.000244141 17.4621L3.79586 17.4621L3.79586 5.31454ZM9.85596 5.31454L6.08415 5.31454L6.08415 17.4621L9.85672 17.4621L9.85672 11.0854C9.85672 7.53982 14.4341 7.2498 14.4341 11.0854L14.4341 17.4621L18.2211 17.4621L18.2211 9.77041C18.2211 3.78775 11.4473 4.00565 9.85596 6.95067L9.85596 5.31454Z\"\n                                                fill=\"rgb(255,255,255)\" fill-rule=\"nonzero\" \/>\n                                        <\/g>\n                                    <\/g>\n                    <\/svg>\n                <\/a>\n            <\/li>\n        \n    <\/ul>\n\n                <\/div>\n            <\/div>\n        <\/div>\n    <\/section>\n\n\n\n<section class=\"pt-200 pb-200 m-0 card-blue-bg head-one-size logo-content-button-sec text-center white-text animate-text\">\n    \n    <div class=\"sm-container\">\n\n        <h3>\n            Pour toute demande d\u2019information, de collaboration ou de recrutement, notre \u00e9quipe est \u00e0 votre disposition.        <\/h3>\n\n        \n            \n                <p><a class=\"cta-btn\" href=\"https:\/\/www.grandcasinoprilly.com\/en\/contact\/\" target=\"_self\"><span class=\"cta-button-box\"> <span class=\"cta-button-box-title\"> <span data-text=\"Contact\">Contact<\/span> <\/span> <\/span><\/a><\/p>\n            \n\n        \n    <\/div>\n\n<\/section>\n\n\n      <section class=\"animate-accor-scrolltext pt-0 pb-0 card-blue-bg white-text \">\n        <div class=\"scrolltext-container\">\n                        <div class=\"scrolltext\">AUTOMNE 2026<\/div>\n                        <!-- <div class=\"scrolltext\">\n                <svg viewBox=\"0 0 40.0576 42.2573\" xmlns=\"http:\/\/www.w3.org\/2000\/svg\" fill=\"currentColor\">\n                    <path d=\"M21.2392 0.925927L19.9171 0L18.5954 0.925927C6.2466 9.57663 1.07957 15.3212 0 22.1201L4.68958 22.1201C5.66216 17.7881 9.28783 13.2325 19.9171 5.6352C32.932 14.9371 35.4491 19.6798 35.4491 25.0338C35.4491 28.6808 32.4823 31.6476 28.8353 31.6476C27.2521 31.6476 25.798 31.0873 24.6582 30.1562C24.1051 31.6259 23.3215 32.9826 22.351 34.1841C24.1839 35.4865 26.4207 36.2556 28.8353 36.2556C35.0231 36.2556 40.0574 31.2217 40.0574 25.0338C40.0574 16.865 35.3087 10.7817 21.2392 0.925927Z\"\/>\n                    <path d=\"M19.479 25.7922C19.0257 29.0825 16.2266 31.6475 12.8367 31.6475C9.44669 31.6475 6.6476 29.0825 6.26989 25.7922L1.64307 25.7922C2.03484 31.6273 6.90419 36.2558 12.8367 36.2558C16.4692 36.2558 19.7023 34.5194 21.7548 31.8349C23.054 30.1351 23.8782 28.0548 24.0302 25.7922Z\"\/>\n                    <path d=\"M20.1501 37.6494L14.9658 37.6494L14.9658 42.2573L28.5442 42.2573L28.5442 37.6494Z\"\/>\n                <\/svg>\n            <\/div> -->\n        <\/div>\n    <\/section>\n\n\n\n\n","protected":false},"excerpt":{"rendered":"","protected":false},"author":1,"featured_media":0,"parent":0,"menu_order":0,"comment_status":"closed","ping_status":"closed","template":"templates\/white-bg.php","meta":{"_acf_changed":false,"footnotes":""},"class_list":["post-427","page","type-page","status-publish","hentry"],"acf":[],"yoast_head":"<!-- This site is optimized with the Yoast SEO plugin v27.6 - https:\/\/yoast.com\/product\/yoast-seo-wordpress\/ -->\n<title>D\u00e9couvrir - prilly<\/title>\n<meta name=\"robots\" content=\"index, follow, max-snippet:-1, max-image-preview:large, max-video-preview:-1\" \/>\n<link rel=\"canonical\" href=\"https:\/\/www.grandcasinoprilly.com\/en\/decouvrir\/\" \/>\n<meta property=\"og:locale\" content=\"en_US\" \/>\n<meta property=\"og:type\" content=\"article\" \/>\n<meta property=\"og:title\" content=\"D\u00e9couvrir - prilly\" \/>\n<meta property=\"og:url\" content=\"https:\/\/www.grandcasinoprilly.com\/en\/decouvrir\/\" \/>\n<meta property=\"og:site_name\" content=\"prilly\" \/>\n<meta property=\"article:modified_time\" content=\"2026-04-28T15:20:42+00:00\" \/>\n<meta name=\"twitter:card\" content=\"summary_large_image\" \/>\n<script type=\"application\/ld+json\" class=\"yoast-schema-graph\">{\"@context\":\"https:\\\/\\\/schema.org\",\"@graph\":[{\"@type\":\"WebPage\",\"@id\":\"https:\\\/\\\/www.grandcasinoprilly.com\\\/en\\\/decouvrir\\\/\",\"url\":\"https:\\\/\\\/www.grandcasinoprilly.com\\\/en\\\/decouvrir\\\/\",\"name\":\"D\u00e9couvrir - prilly\",\"isPartOf\":{\"@id\":\"https:\\\/\\\/www.grandcasinoprilly.com\\\/en\\\/#website\"},\"datePublished\":\"2026-03-24T12:00:37+00:00\",\"dateModified\":\"2026-04-28T15:20:42+00:00\",\"breadcrumb\":{\"@id\":\"https:\\\/\\\/www.grandcasinoprilly.com\\\/en\\\/decouvrir\\\/#breadcrumb\"},\"inLanguage\":\"en-US\",\"potentialAction\":[{\"@type\":\"ReadAction\",\"target\":[\"https:\\\/\\\/www.grandcasinoprilly.com\\\/en\\\/decouvrir\\\/\"]}]},{\"@type\":\"BreadcrumbList\",\"@id\":\"https:\\\/\\\/www.grandcasinoprilly.com\\\/en\\\/decouvrir\\\/#breadcrumb\",\"itemListElement\":[{\"@type\":\"ListItem\",\"position\":1,\"name\":\"Home\",\"item\":\"https:\\\/\\\/www.grandcasinoprilly.com\\\/en\\\/\"},{\"@type\":\"ListItem\",\"position\":2,\"name\":\"D\u00e9couvrir\"}]},{\"@type\":\"WebSite\",\"@id\":\"https:\\\/\\\/www.grandcasinoprilly.com\\\/en\\\/#website\",\"url\":\"https:\\\/\\\/www.grandcasinoprilly.com\\\/en\\\/\",\"name\":\"Tramchant-prilly\",\"description\":\"\",\"publisher\":{\"@id\":\"https:\\\/\\\/www.grandcasinoprilly.com\\\/en\\\/#organization\"},\"potentialAction\":[{\"@type\":\"SearchAction\",\"target\":{\"@type\":\"EntryPoint\",\"urlTemplate\":\"https:\\\/\\\/www.grandcasinoprilly.com\\\/en\\\/?s={search_term_string}\"},\"query-input\":{\"@type\":\"PropertyValueSpecification\",\"valueRequired\":true,\"valueName\":\"search_term_string\"}}],\"inLanguage\":\"en-US\"},{\"@type\":\"Organization\",\"@id\":\"https:\\\/\\\/www.grandcasinoprilly.com\\\/en\\\/#organization\",\"name\":\"Tranchant Prilly\",\"url\":\"https:\\\/\\\/www.grandcasinoprilly.com\\\/en\\\/\",\"logo\":{\"@type\":\"ImageObject\",\"inLanguage\":\"en-US\",\"@id\":\"https:\\\/\\\/www.grandcasinoprilly.com\\\/en\\\/#\\\/schema\\\/logo\\\/image\\\/\",\"url\":\"https:\\\/\\\/www.grandcasinoprilly.com\\\/wp-content\\\/uploads\\\/2026\\\/03\\\/white-logo.svg\",\"contentUrl\":\"https:\\\/\\\/www.grandcasinoprilly.com\\\/wp-content\\\/uploads\\\/2026\\\/03\\\/white-logo.svg\",\"width\":1,\"height\":1,\"caption\":\"Tranchant Prilly\"},\"image\":{\"@id\":\"https:\\\/\\\/www.grandcasinoprilly.com\\\/en\\\/#\\\/schema\\\/logo\\\/image\\\/\"}}]}<\/script>\n<!-- \/ Yoast SEO plugin. -->","yoast_head_json":{"title":"D\u00e9couvrir - prilly","robots":{"index":"index","follow":"follow","max-snippet":"max-snippet:-1","max-image-preview":"max-image-preview:large","max-video-preview":"max-video-preview:-1"},"canonical":"https:\/\/www.grandcasinoprilly.com\/en\/decouvrir\/","og_locale":"en_US","og_type":"article","og_title":"D\u00e9couvrir - prilly","og_url":"https:\/\/www.grandcasinoprilly.com\/en\/decouvrir\/","og_site_name":"prilly","article_modified_time":"2026-04-28T15:20:42+00:00","twitter_card":"summary_large_image","schema":{"@context":"https:\/\/schema.org","@graph":[{"@type":"WebPage","@id":"https:\/\/www.grandcasinoprilly.com\/en\/decouvrir\/","url":"https:\/\/www.grandcasinoprilly.com\/en\/decouvrir\/","name":"D\u00e9couvrir - prilly","isPartOf":{"@id":"https:\/\/www.grandcasinoprilly.com\/en\/#website"},"datePublished":"2026-03-24T12:00:37+00:00","dateModified":"2026-04-28T15:20:42+00:00","breadcrumb":{"@id":"https:\/\/www.grandcasinoprilly.com\/en\/decouvrir\/#breadcrumb"},"inLanguage":"en-US","potentialAction":[{"@type":"ReadAction","target":["https:\/\/www.grandcasinoprilly.com\/en\/decouvrir\/"]}]},{"@type":"BreadcrumbList","@id":"https:\/\/www.grandcasinoprilly.com\/en\/decouvrir\/#breadcrumb","itemListElement":[{"@type":"ListItem","position":1,"name":"Home","item":"https:\/\/www.grandcasinoprilly.com\/en\/"},{"@type":"ListItem","position":2,"name":"D\u00e9couvrir"}]},{"@type":"WebSite","@id":"https:\/\/www.grandcasinoprilly.com\/en\/#website","url":"https:\/\/www.grandcasinoprilly.com\/en\/","name":"Tramchant-prilly","description":"","publisher":{"@id":"https:\/\/www.grandcasinoprilly.com\/en\/#organization"},"potentialAction":[{"@type":"SearchAction","target":{"@type":"EntryPoint","urlTemplate":"https:\/\/www.grandcasinoprilly.com\/en\/?s={search_term_string}"},"query-input":{"@type":"PropertyValueSpecification","valueRequired":true,"valueName":"search_term_string"}}],"inLanguage":"en-US"},{"@type":"Organization","@id":"https:\/\/www.grandcasinoprilly.com\/en\/#organization","name":"Tranchant Prilly","url":"https:\/\/www.grandcasinoprilly.com\/en\/","logo":{"@type":"ImageObject","inLanguage":"en-US","@id":"https:\/\/www.grandcasinoprilly.com\/en\/#\/schema\/logo\/image\/","url":"https:\/\/www.grandcasinoprilly.com\/wp-content\/uploads\/2026\/03\/white-logo.svg","contentUrl":"https:\/\/www.grandcasinoprilly.com\/wp-content\/uploads\/2026\/03\/white-logo.svg","width":1,"height":1,"caption":"Tranchant Prilly"},"image":{"@id":"https:\/\/www.grandcasinoprilly.com\/en\/#\/schema\/logo\/image\/"}}]}},"_links":{"self":[{"href":"https:\/\/www.grandcasinoprilly.com\/en\/wp-json\/wp\/v2\/pages\/427","targetHints":{"allow":["GET"]}}],"collection":[{"href":"https:\/\/www.grandcasinoprilly.com\/en\/wp-json\/wp\/v2\/pages"}],"about":[{"href":"https:\/\/www.grandcasinoprilly.com\/en\/wp-json\/wp\/v2\/types\/page"}],"author":[{"embeddable":true,"href":"https:\/\/www.grandcasinoprilly.com\/en\/wp-json\/wp\/v2\/users\/1"}],"replies":[{"embeddable":true,"href":"https:\/\/www.grandcasinoprilly.com\/en\/wp-json\/wp\/v2\/comments?post=427"}],"version-history":[{"count":66,"href":"https:\/\/www.grandcasinoprilly.com\/en\/wp-json\/wp\/v2\/pages\/427\/revisions"}],"predecessor-version":[{"id":1804,"href":"https:\/\/www.grandcasinoprilly.com\/en\/wp-json\/wp\/v2\/pages\/427\/revisions\/1804"}],"wp:attachment":[{"href":"https:\/\/www.grandcasinoprilly.com\/en\/wp-json\/wp\/v2\/media?parent=427"}],"curies":[{"name":"wp","href":"https:\/\/api.w.org\/{rel}","templated":true}]}}