{"id":423,"date":"2026-03-26T14:19:31","date_gmt":"2026-03-26T14:19:31","guid":{"rendered":"https:\/\/prilly.fflow-dev.ch\/jeu-responsable\/"},"modified":"2026-04-23T06:35:50","modified_gmt":"2026-04-23T06:35:50","slug":"responsable","status":"publish","type":"page","link":"https:\/\/www.grandcasinoprilly.com\/en\/responsable\/","title":{"rendered":"Responsable"},"content":{"rendered":"\n<section class=\"pt-200 pb-200 logo-content-button-sec heading-bottom-space-60 text-center animate-text\">\n    <div class=\"sm-container\">\n\n        <h1>\n            Un cadre clair        <\/h1>\n\n        \n            \n                <p>Le Grand Casino Prilly respecte la l\u00e9gislation suisse sur les jeux d\u2019argent. Le jeu reste une activit\u00e9 encadr\u00e9e, o\u00f9 la responsabilit\u00e9 et la ma\u00eetrise priment.<\/p>\n            \n\n        \n    <\/div>\n<\/section>\n  \n\n\n<!-- full width image box start -->\n<section class=\"full-width-animate-section animate-text pt-0 pb-0 \">\n    <div class=\"full-page-image-overlay\"><\/div>\n    <figure>\n\n\n            <img decoding=\"async\" src=\"https:\/\/www.grandcasinoprilly.com\/wp-content\/uploads\/2026\/04\/RESPONSABLE.jpg\" class=\"image\">\n\n        \n        \n    <\/figure>\n\n<\/section>\n<!-- full width image box end -->\n\n\n\n\n\n<section class=\"pt-200 pb-200 logo-content-button-sec text-center animate-text\">\n    <div class=\"sm-container\">\n\n        <svg viewBox=\"0 0 57.6138 54.1879\" xmlns=\"http:\/\/www.w3.org\/2000\/svg\" fill=\"none\">\n            <defs>\n                <filter id=\"pixso_custom_mask_type_outline\">\n                    <feColorMatrix type=\"matrix\"\n                        values=\"0 0 0 0 1 0 0 0 0 1 0 0 0 0 1 0 0 0 1 0 \" \/>\n                <\/filter>\n            <\/defs>\n            <mask id=\"mask_0\" width=\"57.613789\" height=\"54.187881\" x=\"0\" y=\"0\" maskUnits=\"userSpaceOnUse\">\n                <g filter=\"url(#pixso_custom_mask_type_outline)\">\n                    <rect width=\"57.613789\" height=\"54.187881\" fill=\"white\" \/>\n                <\/g>\n            <\/mask>\n            <g mask=\"url(#mask_0)\">\n                <path\n                    d=\"M0 3.5042C0 2.31732 0.0782918 1.14961 0.214483 0L11.4418 0C11.2212 1.14719 11.1068 2.32084 11.1068 3.5042C11.1068 12.9504 18.3743 21.6701 28.7557 21.6701C39.137 21.6701 46.4022 12.9504 46.4022 3.5042C46.4022 2.32084 46.2877 1.14719 46.0671 0L57.3981 0C57.5355 1.14961 57.6138 2.31732 57.6138 3.5042C57.6138 19.2818 45.1562 32.1551 28.7557 32.1551C12.3527 32.1551 0 19.2818 0 3.5042ZM28.7557 36.1232C16.2728 36.1232 6.1433 43.6414 2.01119 54.1879L14.4761 54.1879C17.5778 49.7087 22.6136 46.6083 28.7557 46.6083C34.8978 46.6083 39.9336 49.7087 43.0342 54.1879L55.5894 54.1879C51.4272 43.6414 41.2374 36.1232 28.7557 36.1232Z\"\n                    fill-rule=\"nonzero\" \/>\n            <\/g>\n        <\/svg>\n\n\n        <h4>\n            <p>Nous veillons \u00e0 offrir des conditions de travail \u00e9quitables, \u00e0 garantir l\u2019\u00e9galit\u00e9 et \u00e0 contribuer \u00e0 un environnement professionnel respectueux. De plus, le GCP participe \u00e9galement \u00e0 la dynamique locale: une partie des revenus g\u00e9n\u00e9r\u00e9s sera revers\u00e9e \u00e0 la commune de Prilly, afin de soutenir le d\u00e9veloppement de projets culturels.<\/p>\n        <\/h4>\n\n    <\/div>\n<\/section>\n\n\n\n<section class=\"pt-0 pb-200 textarea-sec-outer blue-box-bg blue-border blue-text radius-60 animate-text\">\n    <div class=\"md-container\">\n\n        <div class=\"small-heading-box text-center white-text\">\n            <h2>\n                Pour que le plaisir reste intact            <\/h2>\n        <\/div>\n\n        \n            \n            <div class=\"text-border-note-wrapper mt-30\">\n                <div class=\"text-note-box\">\n\n                    <h5>\n                        Jeu responsable                    <\/h5>\n\n                                            \n                            <p>Le jeu de hasard l\u00e9gal en casino est une activit\u00e9 de loisirs comme tant d\u2019autres qui pr\u00e9sente des sp\u00e9cificit\u00e9s bien particuli\u00e8res. Une exp\u00e9rience commune dans une ambiance raffin\u00e9e avec l\u2019excitation de rentrer chez soi en tant que gagnant\/-e. Comme toutes les belles choses, le jeu de hasard pr\u00e9sente un risque d\u2019addiction dont nous sommes conscients. De ce fait, nous consid\u00e9rons la mise en place d\u2019une pr\u00e9vention ad\u00e9quate comme l\u2019une de nos principales priorit\u00e9s et prevoyons de collaborer avec le centre du jeu excessive (CJE) du centre hospitalier universitaire vaudois (CHUV). Par ailleurs, le Grand Casino Prilly prevois d\u2019\u00eatre membre du label Careplay. Enfin, pour mettre en \u0153uvre le programme de mesures sociales (PMS), seul le personnel le mieux form\u00e9 \u00e0 celui-ci est affect\u00e9 aux tables de jeu. Cela permet de reconna\u00eetre suffisamment t\u00f4t les personnes qui risquent de tomber dans la d\u00e9pendance.<\/p>\n                        \n                    \n                <\/div>\n            <\/div>\n\n            \n        \n    <\/div>\n<\/section>\n\n\n\n<section class=\"pt-200 pb-200 m-0 card-blue-bg head-one-size logo-content-button-sec text-center white-text animate-text\">\n    \n    <div class=\"sm-container\">\n\n        <h3>\n            Pour toute demande d\u2019information, de collaboration ou de recrutement, notre \u00e9quipe est \u00e0 votre disposition.        <\/h3>\n\n        \n            \n                <p><a class=\"cta-btn\" href=\"https:\/\/www.grandcasinoprilly.com\/en\/contact\/\" target=\"_self\"><span class=\"cta-button-box\"> <span class=\"cta-button-box-title\"> <span data-text=\"Contact\">Contact<\/span> <\/span> <\/span><\/a><\/p>\n            \n\n        \n    <\/div>\n\n<\/section>\n\n\n      <section class=\"animate-accor-scrolltext pt-0 pb-0 card-blue-bg white-text \">\n        <div class=\"scrolltext-container\">\n                        <div class=\"scrolltext\">AUTOMNE 2026<\/div>\n                        <!-- <div class=\"scrolltext\">\n                <svg viewBox=\"0 0 40.0576 42.2573\" xmlns=\"http:\/\/www.w3.org\/2000\/svg\" fill=\"currentColor\">\n                    <path d=\"M21.2392 0.925927L19.9171 0L18.5954 0.925927C6.2466 9.57663 1.07957 15.3212 0 22.1201L4.68958 22.1201C5.66216 17.7881 9.28783 13.2325 19.9171 5.6352C32.932 14.9371 35.4491 19.6798 35.4491 25.0338C35.4491 28.6808 32.4823 31.6476 28.8353 31.6476C27.2521 31.6476 25.798 31.0873 24.6582 30.1562C24.1051 31.6259 23.3215 32.9826 22.351 34.1841C24.1839 35.4865 26.4207 36.2556 28.8353 36.2556C35.0231 36.2556 40.0574 31.2217 40.0574 25.0338C40.0574 16.865 35.3087 10.7817 21.2392 0.925927Z\"\/>\n                    <path d=\"M19.479 25.7922C19.0257 29.0825 16.2266 31.6475 12.8367 31.6475C9.44669 31.6475 6.6476 29.0825 6.26989 25.7922L1.64307 25.7922C2.03484 31.6273 6.90419 36.2558 12.8367 36.2558C16.4692 36.2558 19.7023 34.5194 21.7548 31.8349C23.054 30.1351 23.8782 28.0548 24.0302 25.7922Z\"\/>\n                    <path d=\"M20.1501 37.6494L14.9658 37.6494L14.9658 42.2573L28.5442 42.2573L28.5442 37.6494Z\"\/>\n                <\/svg>\n            <\/div> -->\n        <\/div>\n    <\/section>\n","protected":false},"excerpt":{"rendered":"","protected":false},"author":1,"featured_media":0,"parent":0,"menu_order":0,"comment_status":"closed","ping_status":"closed","template":"templates\/white-bg.php","meta":{"_acf_changed":false,"footnotes":""},"class_list":["post-423","page","type-page","status-publish","hentry"],"acf":[],"yoast_head":"<!-- This site is optimized with the Yoast SEO plugin v27.6 - https:\/\/yoast.com\/product\/yoast-seo-wordpress\/ -->\n<title>Responsable - prilly<\/title>\n<meta name=\"robots\" content=\"index, follow, max-snippet:-1, max-image-preview:large, max-video-preview:-1\" \/>\n<link rel=\"canonical\" href=\"https:\/\/www.grandcasinoprilly.com\/en\/responsable\/\" \/>\n<meta property=\"og:locale\" content=\"en_US\" \/>\n<meta property=\"og:type\" content=\"article\" \/>\n<meta property=\"og:title\" content=\"Responsable - prilly\" \/>\n<meta property=\"og:url\" content=\"https:\/\/www.grandcasinoprilly.com\/en\/responsable\/\" \/>\n<meta property=\"og:site_name\" content=\"prilly\" \/>\n<meta property=\"article:modified_time\" content=\"2026-04-23T06:35:50+00:00\" \/>\n<meta name=\"twitter:card\" content=\"summary_large_image\" \/>\n<script type=\"application\/ld+json\" class=\"yoast-schema-graph\">{\"@context\":\"https:\\\/\\\/schema.org\",\"@graph\":[{\"@type\":\"WebPage\",\"@id\":\"https:\\\/\\\/www.grandcasinoprilly.com\\\/en\\\/responsable\\\/\",\"url\":\"https:\\\/\\\/www.grandcasinoprilly.com\\\/en\\\/responsable\\\/\",\"name\":\"Responsable - prilly\",\"isPartOf\":{\"@id\":\"https:\\\/\\\/www.grandcasinoprilly.com\\\/en\\\/#website\"},\"datePublished\":\"2026-03-26T14:19:31+00:00\",\"dateModified\":\"2026-04-23T06:35:50+00:00\",\"breadcrumb\":{\"@id\":\"https:\\\/\\\/www.grandcasinoprilly.com\\\/en\\\/responsable\\\/#breadcrumb\"},\"inLanguage\":\"en-US\",\"potentialAction\":[{\"@type\":\"ReadAction\",\"target\":[\"https:\\\/\\\/www.grandcasinoprilly.com\\\/en\\\/responsable\\\/\"]}]},{\"@type\":\"BreadcrumbList\",\"@id\":\"https:\\\/\\\/www.grandcasinoprilly.com\\\/en\\\/responsable\\\/#breadcrumb\",\"itemListElement\":[{\"@type\":\"ListItem\",\"position\":1,\"name\":\"Home\",\"item\":\"https:\\\/\\\/www.grandcasinoprilly.com\\\/en\\\/\"},{\"@type\":\"ListItem\",\"position\":2,\"name\":\"Responsable\"}]},{\"@type\":\"WebSite\",\"@id\":\"https:\\\/\\\/www.grandcasinoprilly.com\\\/en\\\/#website\",\"url\":\"https:\\\/\\\/www.grandcasinoprilly.com\\\/en\\\/\",\"name\":\"Tramchant-prilly\",\"description\":\"\",\"publisher\":{\"@id\":\"https:\\\/\\\/www.grandcasinoprilly.com\\\/en\\\/#organization\"},\"potentialAction\":[{\"@type\":\"SearchAction\",\"target\":{\"@type\":\"EntryPoint\",\"urlTemplate\":\"https:\\\/\\\/www.grandcasinoprilly.com\\\/en\\\/?s={search_term_string}\"},\"query-input\":{\"@type\":\"PropertyValueSpecification\",\"valueRequired\":true,\"valueName\":\"search_term_string\"}}],\"inLanguage\":\"en-US\"},{\"@type\":\"Organization\",\"@id\":\"https:\\\/\\\/www.grandcasinoprilly.com\\\/en\\\/#organization\",\"name\":\"Tranchant Prilly\",\"url\":\"https:\\\/\\\/www.grandcasinoprilly.com\\\/en\\\/\",\"logo\":{\"@type\":\"ImageObject\",\"inLanguage\":\"en-US\",\"@id\":\"https:\\\/\\\/www.grandcasinoprilly.com\\\/en\\\/#\\\/schema\\\/logo\\\/image\\\/\",\"url\":\"https:\\\/\\\/www.grandcasinoprilly.com\\\/wp-content\\\/uploads\\\/2026\\\/03\\\/white-logo.svg\",\"contentUrl\":\"https:\\\/\\\/www.grandcasinoprilly.com\\\/wp-content\\\/uploads\\\/2026\\\/03\\\/white-logo.svg\",\"width\":1,\"height\":1,\"caption\":\"Tranchant Prilly\"},\"image\":{\"@id\":\"https:\\\/\\\/www.grandcasinoprilly.com\\\/en\\\/#\\\/schema\\\/logo\\\/image\\\/\"}}]}<\/script>\n<!-- \/ Yoast SEO plugin. -->","yoast_head_json":{"title":"Responsable - prilly","robots":{"index":"index","follow":"follow","max-snippet":"max-snippet:-1","max-image-preview":"max-image-preview:large","max-video-preview":"max-video-preview:-1"},"canonical":"https:\/\/www.grandcasinoprilly.com\/en\/responsable\/","og_locale":"en_US","og_type":"article","og_title":"Responsable - prilly","og_url":"https:\/\/www.grandcasinoprilly.com\/en\/responsable\/","og_site_name":"prilly","article_modified_time":"2026-04-23T06:35:50+00:00","twitter_card":"summary_large_image","schema":{"@context":"https:\/\/schema.org","@graph":[{"@type":"WebPage","@id":"https:\/\/www.grandcasinoprilly.com\/en\/responsable\/","url":"https:\/\/www.grandcasinoprilly.com\/en\/responsable\/","name":"Responsable - prilly","isPartOf":{"@id":"https:\/\/www.grandcasinoprilly.com\/en\/#website"},"datePublished":"2026-03-26T14:19:31+00:00","dateModified":"2026-04-23T06:35:50+00:00","breadcrumb":{"@id":"https:\/\/www.grandcasinoprilly.com\/en\/responsable\/#breadcrumb"},"inLanguage":"en-US","potentialAction":[{"@type":"ReadAction","target":["https:\/\/www.grandcasinoprilly.com\/en\/responsable\/"]}]},{"@type":"BreadcrumbList","@id":"https:\/\/www.grandcasinoprilly.com\/en\/responsable\/#breadcrumb","itemListElement":[{"@type":"ListItem","position":1,"name":"Home","item":"https:\/\/www.grandcasinoprilly.com\/en\/"},{"@type":"ListItem","position":2,"name":"Responsable"}]},{"@type":"WebSite","@id":"https:\/\/www.grandcasinoprilly.com\/en\/#website","url":"https:\/\/www.grandcasinoprilly.com\/en\/","name":"Tramchant-prilly","description":"","publisher":{"@id":"https:\/\/www.grandcasinoprilly.com\/en\/#organization"},"potentialAction":[{"@type":"SearchAction","target":{"@type":"EntryPoint","urlTemplate":"https:\/\/www.grandcasinoprilly.com\/en\/?s={search_term_string}"},"query-input":{"@type":"PropertyValueSpecification","valueRequired":true,"valueName":"search_term_string"}}],"inLanguage":"en-US"},{"@type":"Organization","@id":"https:\/\/www.grandcasinoprilly.com\/en\/#organization","name":"Tranchant Prilly","url":"https:\/\/www.grandcasinoprilly.com\/en\/","logo":{"@type":"ImageObject","inLanguage":"en-US","@id":"https:\/\/www.grandcasinoprilly.com\/en\/#\/schema\/logo\/image\/","url":"https:\/\/www.grandcasinoprilly.com\/wp-content\/uploads\/2026\/03\/white-logo.svg","contentUrl":"https:\/\/www.grandcasinoprilly.com\/wp-content\/uploads\/2026\/03\/white-logo.svg","width":1,"height":1,"caption":"Tranchant Prilly"},"image":{"@id":"https:\/\/www.grandcasinoprilly.com\/en\/#\/schema\/logo\/image\/"}}]}},"_links":{"self":[{"href":"https:\/\/www.grandcasinoprilly.com\/en\/wp-json\/wp\/v2\/pages\/423","targetHints":{"allow":["GET"]}}],"collection":[{"href":"https:\/\/www.grandcasinoprilly.com\/en\/wp-json\/wp\/v2\/pages"}],"about":[{"href":"https:\/\/www.grandcasinoprilly.com\/en\/wp-json\/wp\/v2\/types\/page"}],"author":[{"embeddable":true,"href":"https:\/\/www.grandcasinoprilly.com\/en\/wp-json\/wp\/v2\/users\/1"}],"replies":[{"embeddable":true,"href":"https:\/\/www.grandcasinoprilly.com\/en\/wp-json\/wp\/v2\/comments?post=423"}],"version-history":[{"count":28,"href":"https:\/\/www.grandcasinoprilly.com\/en\/wp-json\/wp\/v2\/pages\/423\/revisions"}],"predecessor-version":[{"id":1724,"href":"https:\/\/www.grandcasinoprilly.com\/en\/wp-json\/wp\/v2\/pages\/423\/revisions\/1724"}],"wp:attachment":[{"href":"https:\/\/www.grandcasinoprilly.com\/en\/wp-json\/wp\/v2\/media?parent=423"}],"curies":[{"name":"wp","href":"https:\/\/api.w.org\/{rel}","templated":true}]}}