{"id":426,"date":"2026-03-26T12:29:07","date_gmt":"2026-03-26T12:29:07","guid":{"rendered":"https:\/\/prilly.fflow-dev.ch\/jobs\/"},"modified":"2026-04-15T12:44:38","modified_gmt":"2026-04-15T12:44:38","slug":"rejoindre","status":"publish","type":"page","link":"https:\/\/www.grandcasinoprilly.com\/de\/rejoindre\/","title":{"rendered":"Rejoindre"},"content":{"rendered":"\n<section class=\"pt-200 pb-200 logo-content-button-sec heading-bottom-space-60 text-center animate-text\">\n    <div class=\"sm-container\">\n\n        <h1>\n            Rejoindre l\u2019\u00e9quipe        <\/h1>\n\n        \n            \n                <p>Chaque r\u00f4le compte. Chaque geste a un impact.<\/p>\n            \n\n        \n    <\/div>\n<\/section>\n  \n\n\n<section class=\"pt-0 pb-200 v-centered h-left lr-image-cntn animate-text\">\n    <div class=\"lg-container\">\n        <div class=\"flex-box\">\n\n            <div class=\"image-box\">\n\n                \n                    <img decoding=\"async\" src=\"https:\/\/www.grandcasinoprilly.com\/wp-content\/uploads\/2026\/04\/REJOINDRE.png\" alt=\"\">\n\n                \n            <\/div>\n\n            <div class=\"cntn-box\">\n\n                \n                    \n                        <p>Le Grand Casino Prilly se construit aussi \u00e0 travers celles et ceux qui y travaillent. Chaque r\u00f4le compte. Chaque geste a un impact. Rejoindre le projet, c\u2019est participer \u00e0 la cr\u00e9ation d\u2019un lieu en devenir, ancr\u00e9 dans son environnement.<\/p>\n                    \n\n                \n            <\/div>\n\n        <\/div>\n    <\/div>\n<\/section>\n\n\n\n<section class=\"feature-cards-block card-blue-bg pt-0 pb-200 radius-60 animate-text\">\n    \n    <div class=\"md-container\">\n\n                <div class=\"small-heading-box text-center blue-text mb-30\">\n            <h2>\n                Postes \u00e0 pourvoir            <\/h2>\n        <\/div>\n        \n\n        <!-- Desktop -->\n        <div class=\"flex-box desktop-view-only\" id=\"desktopFeature\">\n\n            \n            <div class=\"feature-card\">\n                <div class=\"card-top-cntn\">\n\n                    <div class=\"card-icon-box\">\n                        <span>\n                                                    <\/span>\n                    <\/div>\n\n                                            <h6>Responsable s\u00e9curit\u00e9 &amp; accueil<\/h6>\n                    \n                                            <p>Votre r\u00f4le central consiste \u00e0 garantir un accueil irr\u00e9prochable des clients tout en assurant la s\u00e9curit\u00e9 des personnes, des biens et du site\u2026<\/p>\n                    \n                <\/div>\n\n                                <a href=\"https:\/\/www.linkedin.com\/jobs\/view\/4398245810\/?alternateChannel=search&#038;trk=d_flagship3_company&#038;refId=NotAvailable\" class=\"cta-btn\" target=\"_blank\">\n                    <span class=\"cta-button-box\">\n                        <span class=\"cta-button-box-title\">\n                            <span data-text=\"Postuler\">\n                                Postuler                            <\/span>\n                        <\/span>\n                    <\/span>\n                <\/a>\n                \n            <\/div>\n\n            \n            <div class=\"feature-card\">\n                <div class=\"card-top-cntn\">\n\n                    <div class=\"card-icon-box\">\n                        <span>\n                                                    <\/span>\n                    <\/div>\n\n                                            <h6>Croupier<\/h6>\n                    \n                                            <p>Chef de table \/ Sous-chef de table. Rejoignez l&#8217;aventure entrepreneuriale d&#8217;une nouvelle Maison de Jeu en Suisse romande\u2026<\/p>\n                    \n                <\/div>\n\n                                <a href=\"https:\/\/www.linkedin.com\/jobs\/view\/4394669883\/?alternateChannel=search&#038;trk=d_flagship3_company&#038;refId=NotAvailable\" class=\"cta-btn\" target=\"_blank\">\n                    <span class=\"cta-button-box\">\n                        <span class=\"cta-button-box-title\">\n                            <span data-text=\"Postuler\">\n                                Postuler                            <\/span>\n                        <\/span>\n                    <\/span>\n                <\/a>\n                \n            <\/div>\n\n            \n            <div class=\"feature-card\">\n                <div class=\"card-top-cntn\">\n\n                    <div class=\"card-icon-box\">\n                        <span>\n                                                    <\/span>\n                    <\/div>\n\n                                            <h6>Shift Manager<\/h6>\n                    \n                                            <p>La Directrice d\u2019exploitation renforce ses \u00e9quipes afin de garantir une prise en charge exceptionnelle de nos futurs clients\u2026<\/p>\n                    \n                <\/div>\n\n                                <a href=\"https:\/\/www.linkedin.com\/jobs\/view\/4398691583\/?alternateChannel=search&#038;eBP=NON_CHARGEABLE_CHANNEL&#038;trk=d_flagship3_search_srp_jobs&#038;refId=IdTfyl0%2Fwwd7pXfBdMppLQ%3D%3D&#038;trackingId=RfFa6LrmrZlBpryCjKm6kg%3D%3D\" class=\"cta-btn\" target=\"_blank\">\n                    <span class=\"cta-button-box\">\n                        <span class=\"cta-button-box-title\">\n                            <span data-text=\"Postuler\">\n                                Postuler                            <\/span>\n                        <\/span>\n                    <\/span>\n                <\/a>\n                \n            <\/div>\n\n            \n            <div class=\"feature-card\">\n                <div class=\"card-top-cntn\">\n\n                    <div class=\"card-icon-box\">\n                        <span>\n                                                    <\/span>\n                    <\/div>\n\n                                            <h6>Responsable Paie et Administration<\/h6>\n                    \n                                            <p>V\u00f4tre r\u00f4le central consiste \u00e0 garantir la fiabilit\u00e9 absolue de la paie et la conformit\u00e9 de l&#8217;administration du personnel de notre Maison de Jeu.\u2026<\/p>\n                    \n                <\/div>\n\n                                <a href=\"https:\/\/www.linkedin.com\/jobs\/view\/4396642849\/?alternateChannel=search&#038;eBP=NON_CHARGEABLE_CHANNEL&#038;trk=d_flagship3_search_srp_jobs&#038;refId=oULCRpWzKSPoDRCNBHFbIw%3D%3D&#038;trackingId=E%2Fav9udxXA4qu3QZBnGIhQ%3D%3D\" class=\"cta-btn\" target=\"_blank\">\n                    <span class=\"cta-button-box\">\n                        <span class=\"cta-button-box-title\">\n                            <span data-text=\"Postuler\">\n                                Postuler                            <\/span>\n                        <\/span>\n                    <\/span>\n                <\/a>\n                \n            <\/div>\n\n            \n        <\/div>\n\n\n        <!-- Mobile -->\n        <div class=\"mobile-view-only scroll-section\" id=\"scrollSection\">\n            <div class=\"sticky\">\n                <div class=\"features-cards\" id=\"featureWrappercards\">\n\n                    \n                    <div class=\"feature-card\">\n                        <div class=\"card-top-cntn\">\n\n                            <div class=\"card-icon-box\">\n                                <span>\n                                                                    <\/span>\n                            <\/div>\n\n                                                            <h6>Responsable s\u00e9curit\u00e9 &amp; accueil<\/h6>\n                            \n                                                            <p>Votre r\u00f4le central consiste \u00e0 garantir un accueil irr\u00e9prochable des clients tout en assurant la s\u00e9curit\u00e9 des personnes, des biens et du site\u2026<\/p>\n                            \n                        <\/div>\n\n                                                <a href=\"https:\/\/www.linkedin.com\/jobs\/view\/4398245810\/?alternateChannel=search&#038;trk=d_flagship3_company&#038;refId=NotAvailable\" class=\"cta-btn\" target=\"_blank\">\n                            <span class=\"cta-button-box\">\n                                <span class=\"cta-button-box-title\">\n                                    <span data-text=\"Postuler\">\n                                        Postuler                                    <\/span>\n                                <\/span>\n                            <\/span>\n                        <\/a>\n                        \n                    <\/div>\n\n                    \n                    <div class=\"feature-card\">\n                        <div class=\"card-top-cntn\">\n\n                            <div class=\"card-icon-box\">\n                                <span>\n                                                                    <\/span>\n                            <\/div>\n\n                                                            <h6>Croupier<\/h6>\n                            \n                                                            <p>Chef de table \/ Sous-chef de table. Rejoignez l&#8217;aventure entrepreneuriale d&#8217;une nouvelle Maison de Jeu en Suisse romande\u2026<\/p>\n                            \n                        <\/div>\n\n                                                <a href=\"https:\/\/www.linkedin.com\/jobs\/view\/4394669883\/?alternateChannel=search&#038;trk=d_flagship3_company&#038;refId=NotAvailable\" class=\"cta-btn\" target=\"_blank\">\n                            <span class=\"cta-button-box\">\n                                <span class=\"cta-button-box-title\">\n                                    <span data-text=\"Postuler\">\n                                        Postuler                                    <\/span>\n                                <\/span>\n                            <\/span>\n                        <\/a>\n                        \n                    <\/div>\n\n                    \n                    <div class=\"feature-card\">\n                        <div class=\"card-top-cntn\">\n\n                            <div class=\"card-icon-box\">\n                                <span>\n                                                                    <\/span>\n                            <\/div>\n\n                                                            <h6>Shift Manager<\/h6>\n                            \n                                                            <p>La Directrice d\u2019exploitation renforce ses \u00e9quipes afin de garantir une prise en charge exceptionnelle de nos futurs clients\u2026<\/p>\n                            \n                        <\/div>\n\n                                                <a href=\"https:\/\/www.linkedin.com\/jobs\/view\/4398691583\/?alternateChannel=search&#038;eBP=NON_CHARGEABLE_CHANNEL&#038;trk=d_flagship3_search_srp_jobs&#038;refId=IdTfyl0%2Fwwd7pXfBdMppLQ%3D%3D&#038;trackingId=RfFa6LrmrZlBpryCjKm6kg%3D%3D\" class=\"cta-btn\" target=\"_blank\">\n                            <span class=\"cta-button-box\">\n                                <span class=\"cta-button-box-title\">\n                                    <span data-text=\"Postuler\">\n                                        Postuler                                    <\/span>\n                                <\/span>\n                            <\/span>\n                        <\/a>\n                        \n                    <\/div>\n\n                    \n                    <div class=\"feature-card\">\n                        <div class=\"card-top-cntn\">\n\n                            <div class=\"card-icon-box\">\n                                <span>\n                                                                    <\/span>\n                            <\/div>\n\n                                                            <h6>Responsable Paie et Administration<\/h6>\n                            \n                                                            <p>V\u00f4tre r\u00f4le central consiste \u00e0 garantir la fiabilit\u00e9 absolue de la paie et la conformit\u00e9 de l&#8217;administration du personnel de notre Maison de Jeu.\u2026<\/p>\n                            \n                        <\/div>\n\n                                                <a href=\"https:\/\/www.linkedin.com\/jobs\/view\/4396642849\/?alternateChannel=search&#038;eBP=NON_CHARGEABLE_CHANNEL&#038;trk=d_flagship3_search_srp_jobs&#038;refId=oULCRpWzKSPoDRCNBHFbIw%3D%3D&#038;trackingId=E%2Fav9udxXA4qu3QZBnGIhQ%3D%3D\" class=\"cta-btn\" target=\"_blank\">\n                            <span class=\"cta-button-box\">\n                                <span class=\"cta-button-box-title\">\n                                    <span data-text=\"Postuler\">\n                                        Postuler                                    <\/span>\n                                <\/span>\n                            <\/span>\n                        <\/a>\n                        \n                    <\/div>\n\n                    \n                <\/div>\n            <\/div>\n        <\/div>\n\n    <\/div>\n<\/section>\n\n\n\n<section class=\"pt-200 pb-200 m-0 card-blue-bg head-one-size logo-content-button-sec text-center white-text animate-text\">\n    \n    <div class=\"sm-container\">\n\n        <h3>\n            Pour toute demande d\u2019information, de collaboration ou de recrutement, notre \u00e9quipe est \u00e0 votre disposition.        <\/h3>\n\n        \n            \n                <p><a class=\"cta-btn\" href=\"https:\/\/www.linkedin.com\/company\/grand-casino-prilly\/jobs\/\" target=\"_blank\" rel=\"noopener\"><span class=\"cta-button-box\"> <span class=\"cta-button-box-title\"> <span data-text=\"Contact\">Contact<\/span> <\/span> <\/span><\/a><\/p>\n            \n\n        \n    <\/div>\n\n<\/section>\n\n\n      <section class=\"animate-accor-scrolltext pt-0 pb-0 card-blue-bg white-text \">\n        <div class=\"scrolltext-container\">\n                        <div class=\"scrolltext\">AUTOMNE 2026<\/div>\n                        <!-- <div class=\"scrolltext\">\n                <svg viewBox=\"0 0 40.0576 42.2573\" xmlns=\"http:\/\/www.w3.org\/2000\/svg\" fill=\"currentColor\">\n                    <path d=\"M21.2392 0.925927L19.9171 0L18.5954 0.925927C6.2466 9.57663 1.07957 15.3212 0 22.1201L4.68958 22.1201C5.66216 17.7881 9.28783 13.2325 19.9171 5.6352C32.932 14.9371 35.4491 19.6798 35.4491 25.0338C35.4491 28.6808 32.4823 31.6476 28.8353 31.6476C27.2521 31.6476 25.798 31.0873 24.6582 30.1562C24.1051 31.6259 23.3215 32.9826 22.351 34.1841C24.1839 35.4865 26.4207 36.2556 28.8353 36.2556C35.0231 36.2556 40.0574 31.2217 40.0574 25.0338C40.0574 16.865 35.3087 10.7817 21.2392 0.925927Z\"\/>\n                    <path d=\"M19.479 25.7922C19.0257 29.0825 16.2266 31.6475 12.8367 31.6475C9.44669 31.6475 6.6476 29.0825 6.26989 25.7922L1.64307 25.7922C2.03484 31.6273 6.90419 36.2558 12.8367 36.2558C16.4692 36.2558 19.7023 34.5194 21.7548 31.8349C23.054 30.1351 23.8782 28.0548 24.0302 25.7922Z\"\/>\n                    <path d=\"M20.1501 37.6494L14.9658 37.6494L14.9658 42.2573L28.5442 42.2573L28.5442 37.6494Z\"\/>\n                <\/svg>\n            <\/div> -->\n        <\/div>\n    <\/section>\n","protected":false},"excerpt":{"rendered":"","protected":false},"author":1,"featured_media":0,"parent":0,"menu_order":0,"comment_status":"closed","ping_status":"closed","template":"","meta":{"_acf_changed":false,"footnotes":""},"class_list":["post-426","page","type-page","status-publish","hentry"],"acf":[],"yoast_head":"<!-- This site is optimized with the Yoast SEO plugin v27.6 - https:\/\/yoast.com\/product\/yoast-seo-wordpress\/ -->\n<title>Rejoindre - prilly<\/title>\n<meta name=\"robots\" content=\"index, follow, max-snippet:-1, max-image-preview:large, max-video-preview:-1\" \/>\n<link rel=\"canonical\" href=\"https:\/\/www.grandcasinoprilly.com\/de\/rejoindre\/\" \/>\n<meta property=\"og:locale\" content=\"de_DE\" \/>\n<meta property=\"og:type\" content=\"article\" \/>\n<meta property=\"og:title\" content=\"Rejoindre - prilly\" \/>\n<meta property=\"og:url\" content=\"https:\/\/www.grandcasinoprilly.com\/de\/rejoindre\/\" \/>\n<meta property=\"og:site_name\" content=\"prilly\" \/>\n<meta property=\"article:modified_time\" content=\"2026-04-15T12:44:38+00:00\" \/>\n<meta name=\"twitter:card\" content=\"summary_large_image\" \/>\n<script type=\"application\/ld+json\" class=\"yoast-schema-graph\">{\"@context\":\"https:\\\/\\\/schema.org\",\"@graph\":[{\"@type\":\"WebPage\",\"@id\":\"https:\\\/\\\/www.grandcasinoprilly.com\\\/de\\\/rejoindre\\\/\",\"url\":\"https:\\\/\\\/www.grandcasinoprilly.com\\\/de\\\/rejoindre\\\/\",\"name\":\"Rejoindre - prilly\",\"isPartOf\":{\"@id\":\"https:\\\/\\\/www.grandcasinoprilly.com\\\/de\\\/#website\"},\"datePublished\":\"2026-03-26T12:29:07+00:00\",\"dateModified\":\"2026-04-15T12:44:38+00:00\",\"breadcrumb\":{\"@id\":\"https:\\\/\\\/www.grandcasinoprilly.com\\\/de\\\/rejoindre\\\/#breadcrumb\"},\"inLanguage\":\"de\",\"potentialAction\":[{\"@type\":\"ReadAction\",\"target\":[\"https:\\\/\\\/www.grandcasinoprilly.com\\\/de\\\/rejoindre\\\/\"]}]},{\"@type\":\"BreadcrumbList\",\"@id\":\"https:\\\/\\\/www.grandcasinoprilly.com\\\/de\\\/rejoindre\\\/#breadcrumb\",\"itemListElement\":[{\"@type\":\"ListItem\",\"position\":1,\"name\":\"Home\",\"item\":\"https:\\\/\\\/www.grandcasinoprilly.com\\\/de\\\/\"},{\"@type\":\"ListItem\",\"position\":2,\"name\":\"Rejoindre\"}]},{\"@type\":\"WebSite\",\"@id\":\"https:\\\/\\\/www.grandcasinoprilly.com\\\/de\\\/#website\",\"url\":\"https:\\\/\\\/www.grandcasinoprilly.com\\\/de\\\/\",\"name\":\"Tramchant-prilly\",\"description\":\"\",\"publisher\":{\"@id\":\"https:\\\/\\\/www.grandcasinoprilly.com\\\/de\\\/#organization\"},\"potentialAction\":[{\"@type\":\"SearchAction\",\"target\":{\"@type\":\"EntryPoint\",\"urlTemplate\":\"https:\\\/\\\/www.grandcasinoprilly.com\\\/de\\\/?s={search_term_string}\"},\"query-input\":{\"@type\":\"PropertyValueSpecification\",\"valueRequired\":true,\"valueName\":\"search_term_string\"}}],\"inLanguage\":\"de\"},{\"@type\":\"Organization\",\"@id\":\"https:\\\/\\\/www.grandcasinoprilly.com\\\/de\\\/#organization\",\"name\":\"Tranchant Prilly\",\"url\":\"https:\\\/\\\/www.grandcasinoprilly.com\\\/de\\\/\",\"logo\":{\"@type\":\"ImageObject\",\"inLanguage\":\"de\",\"@id\":\"https:\\\/\\\/www.grandcasinoprilly.com\\\/de\\\/#\\\/schema\\\/logo\\\/image\\\/\",\"url\":\"https:\\\/\\\/www.grandcasinoprilly.com\\\/wp-content\\\/uploads\\\/2026\\\/03\\\/white-logo.svg\",\"contentUrl\":\"https:\\\/\\\/www.grandcasinoprilly.com\\\/wp-content\\\/uploads\\\/2026\\\/03\\\/white-logo.svg\",\"width\":1,\"height\":1,\"caption\":\"Tranchant Prilly\"},\"image\":{\"@id\":\"https:\\\/\\\/www.grandcasinoprilly.com\\\/de\\\/#\\\/schema\\\/logo\\\/image\\\/\"}}]}<\/script>\n<!-- \/ Yoast SEO plugin. -->","yoast_head_json":{"title":"Rejoindre - prilly","robots":{"index":"index","follow":"follow","max-snippet":"max-snippet:-1","max-image-preview":"max-image-preview:large","max-video-preview":"max-video-preview:-1"},"canonical":"https:\/\/www.grandcasinoprilly.com\/de\/rejoindre\/","og_locale":"de_DE","og_type":"article","og_title":"Rejoindre - prilly","og_url":"https:\/\/www.grandcasinoprilly.com\/de\/rejoindre\/","og_site_name":"prilly","article_modified_time":"2026-04-15T12:44:38+00:00","twitter_card":"summary_large_image","schema":{"@context":"https:\/\/schema.org","@graph":[{"@type":"WebPage","@id":"https:\/\/www.grandcasinoprilly.com\/de\/rejoindre\/","url":"https:\/\/www.grandcasinoprilly.com\/de\/rejoindre\/","name":"Rejoindre - prilly","isPartOf":{"@id":"https:\/\/www.grandcasinoprilly.com\/de\/#website"},"datePublished":"2026-03-26T12:29:07+00:00","dateModified":"2026-04-15T12:44:38+00:00","breadcrumb":{"@id":"https:\/\/www.grandcasinoprilly.com\/de\/rejoindre\/#breadcrumb"},"inLanguage":"de","potentialAction":[{"@type":"ReadAction","target":["https:\/\/www.grandcasinoprilly.com\/de\/rejoindre\/"]}]},{"@type":"BreadcrumbList","@id":"https:\/\/www.grandcasinoprilly.com\/de\/rejoindre\/#breadcrumb","itemListElement":[{"@type":"ListItem","position":1,"name":"Home","item":"https:\/\/www.grandcasinoprilly.com\/de\/"},{"@type":"ListItem","position":2,"name":"Rejoindre"}]},{"@type":"WebSite","@id":"https:\/\/www.grandcasinoprilly.com\/de\/#website","url":"https:\/\/www.grandcasinoprilly.com\/de\/","name":"Tramchant-prilly","description":"","publisher":{"@id":"https:\/\/www.grandcasinoprilly.com\/de\/#organization"},"potentialAction":[{"@type":"SearchAction","target":{"@type":"EntryPoint","urlTemplate":"https:\/\/www.grandcasinoprilly.com\/de\/?s={search_term_string}"},"query-input":{"@type":"PropertyValueSpecification","valueRequired":true,"valueName":"search_term_string"}}],"inLanguage":"de"},{"@type":"Organization","@id":"https:\/\/www.grandcasinoprilly.com\/de\/#organization","name":"Tranchant Prilly","url":"https:\/\/www.grandcasinoprilly.com\/de\/","logo":{"@type":"ImageObject","inLanguage":"de","@id":"https:\/\/www.grandcasinoprilly.com\/de\/#\/schema\/logo\/image\/","url":"https:\/\/www.grandcasinoprilly.com\/wp-content\/uploads\/2026\/03\/white-logo.svg","contentUrl":"https:\/\/www.grandcasinoprilly.com\/wp-content\/uploads\/2026\/03\/white-logo.svg","width":1,"height":1,"caption":"Tranchant Prilly"},"image":{"@id":"https:\/\/www.grandcasinoprilly.com\/de\/#\/schema\/logo\/image\/"}}]}},"_links":{"self":[{"href":"https:\/\/www.grandcasinoprilly.com\/de\/wp-json\/wp\/v2\/pages\/426","targetHints":{"allow":["GET"]}}],"collection":[{"href":"https:\/\/www.grandcasinoprilly.com\/de\/wp-json\/wp\/v2\/pages"}],"about":[{"href":"https:\/\/www.grandcasinoprilly.com\/de\/wp-json\/wp\/v2\/types\/page"}],"author":[{"embeddable":true,"href":"https:\/\/www.grandcasinoprilly.com\/de\/wp-json\/wp\/v2\/users\/1"}],"replies":[{"embeddable":true,"href":"https:\/\/www.grandcasinoprilly.com\/de\/wp-json\/wp\/v2\/comments?post=426"}],"version-history":[{"count":28,"href":"https:\/\/www.grandcasinoprilly.com\/de\/wp-json\/wp\/v2\/pages\/426\/revisions"}],"predecessor-version":[{"id":1400,"href":"https:\/\/www.grandcasinoprilly.com\/de\/wp-json\/wp\/v2\/pages\/426\/revisions\/1400"}],"wp:attachment":[{"href":"https:\/\/www.grandcasinoprilly.com\/de\/wp-json\/wp\/v2\/media?parent=426"}],"curies":[{"name":"wp","href":"https:\/\/api.w.org\/{rel}","templated":true}]}}